{"id":3772,"date":"2021-10-08T11:44:23","date_gmt":"2021-10-08T16:44:23","guid":{"rendered":"https:\/\/undecim.com.co\/?page_id=3772"},"modified":"2021-10-08T11:44:23","modified_gmt":"2021-10-08T16:44:23","slug":"home","status":"publish","type":"page","link":"https:\/\/dinomagroup.com\/index.php\/home\/","title":{"rendered":"UNDECIM"},"content":{"rendered":"<p><img decoding=\"async\" width=\"300\" height=\"65\" src=\"http:\/\/undecim.com.co\/wp-content\/uploads\/2020\/07\/cropped-UNDECIM-FINAL-01-3-300x65.png\" alt=\"\" loading=\"lazy\" srcset=\"https:\/\/i0.wp.com\/undecim.com.co\/wp-content\/uploads\/2020\/07\/cropped-UNDECIM-FINAL-01-3.png?resize=300%2C65 300w, https:\/\/i0.wp.com\/undecim.com.co\/wp-content\/uploads\/2020\/07\/cropped-UNDECIM-FINAL-01-3.png?resize=1024%2C221 1024w, https:\/\/i0.wp.com\/undecim.com.co\/wp-content\/uploads\/2020\/07\/cropped-UNDECIM-FINAL-01-3.png?resize=768%2C166 768w, https:\/\/i0.wp.com\/undecim.com.co\/wp-content\/uploads\/2020\/07\/cropped-UNDECIM-FINAL-01-3.png?resize=1536%2C332 1536w, https:\/\/i0.wp.com\/undecim.com.co\/wp-content\/uploads\/2020\/07\/cropped-UNDECIM-FINAL-01-3.png?w=1920 1920w\" sizes=\"auto, (max-width: 300px) 100vw, 300px\" \/>\t\t\t\t\t\t\t\t\t\t\t\t\t\t<\/p>\n<h1>Innovaci\u00f3n &#038; emprendimiento centrado en las personas.<\/h1>\n<p>Somos una empresa creativa que trabaja buscando el bienestar de las personas y el equilibrio medioambiental mientras se desarrollan los negocios.<\/p>\n<p>Gestionamos diferentes marcas de consultor\u00eda y acompa\u00f1amiento, tanto para personas como para organizaciones.<\/p>\n<p>Explora nuestras marcas:<\/p>\n<p>\t\t\t\t\t\t\t\t\t\t\t\t<img decoding=\"async\" width=\"768\" height=\"342\" src=\"http:\/\/undecim.com.co\/wp-content\/uploads\/2021\/06\/Marca-lievitare-2-768x342.png\" alt=\"Alquila tu P4R - The Creative Partners for Rent\" loading=\"lazy\" srcset=\"https:\/\/i0.wp.com\/undecim.com.co\/wp-content\/uploads\/2021\/06\/Marca-lievitare-2.png?resize=768%2C342 768w, https:\/\/i0.wp.com\/undecim.com.co\/wp-content\/uploads\/2021\/06\/Marca-lievitare-2.png?resize=300%2C134 300w, https:\/\/i0.wp.com\/undecim.com.co\/wp-content\/uploads\/2021\/06\/Marca-lievitare-2.png?resize=1024%2C457 1024w, https:\/\/i0.wp.com\/undecim.com.co\/wp-content\/uploads\/2021\/06\/Marca-lievitare-2.png?resize=1536%2C685 1536w, https:\/\/i0.wp.com\/undecim.com.co\/wp-content\/uploads\/2021\/06\/Marca-lievitare-2.png?w=2048 2048w\" sizes=\"auto, (max-width: 768px) 100vw, 768px\" \/>\t\t\t\t\t\t\t\t\t\t\t\t\t\t<\/p>\n<h4>LIEVITARE<\/h4>\n<p>Una soluci\u00f3n diferente para acompa\u00f1arte en el camino del emprendimiento.<\/p>\n<p>\t\t\t\t\t\t\t\t\t\t\t\t<img decoding=\"async\" width=\"758\" height=\"367\" src=\"http:\/\/undecim.com.co\/wp-content\/uploads\/2021\/05\/Duas-Aures-Logo.png\" alt=\"\" loading=\"lazy\" srcset=\"https:\/\/i0.wp.com\/undecim.com.co\/wp-content\/uploads\/2021\/05\/Duas-Aures-Logo.png?w=758 758w, https:\/\/i0.wp.com\/undecim.com.co\/wp-content\/uploads\/2021\/05\/Duas-Aures-Logo.png?resize=300%2C145 300w\" sizes=\"auto, (max-width: 758px) 100vw, 758px\" \/>\t\t\t\t\t\t\t\t\t\t\t\t\t\t<\/p>\n<h4>DUAS AURES<\/h4>\n<p>Coaching de vida y soluciones para ayudarte a llegar donde quieres llegar.<\/p>\n<p>\t\t\t\t\t\t\t\t\t\t\t\t<img decoding=\"async\" width=\"616\" height=\"327\" src=\"http:\/\/undecim.com.co\/wp-content\/uploads\/2021\/10\/Dinoma-Logo-V3.png\" alt=\"\" loading=\"lazy\" srcset=\"https:\/\/i0.wp.com\/undecim.com.co\/wp-content\/uploads\/2021\/10\/Dinoma-Logo-V3.png?w=616 616w, https:\/\/i0.wp.com\/undecim.com.co\/wp-content\/uploads\/2021\/10\/Dinoma-Logo-V3.png?resize=300%2C159 300w\" sizes=\"auto, (max-width: 616px) 100vw, 616px\" \/>\t\t\t\t\t\t\t\t\t\t\t\t\t\t<\/p>\n<h4>GRUPO DINOMA<\/h4>\n<p>Todo el talento del dise\u00f1o y la investigaci\u00f3n al servicio de tus proyectos.<\/p>\n<h2>Contact<\/h2>\n<ul>\n<li>\n\t\t\t\t\t\t\t\t\t\t+57 324 4626526\n\t\t\t\t\t\t\t\t\t<\/li>\n<li>\n\t\t\t\t\t\t\t\t\t\tgestion@undecim.com.co\n\t\t\t\t\t\t\t\t\t<\/li>\n<li>\n\t\t\t\t\t\t\t\t\t\tCr 51 # 122-31 \/ Bogot\u00e1, Colombia\n\t\t\t\t\t\t\t\t\t<\/li>\n<\/ul>\n<h2>Social<\/h2>\n<p>\t\t\t\t\t<a href=\"https:\/\/www.linkedin.com\/in\/camilo-ayala-garc\u00eda-ph-d-5565627\/\" target=\"_blank\" rel=\"noopener\"><br \/>\n\t\t\t\t\t\tLinkedin<br \/>\n\t\t\t\t\t\t\t\t\t\t\t<\/a><\/p>\n<p>\u00a9 &#8211; UNDECIM SAS &#8211; Todos los Derechos Reservados.<\/p>\n","protected":false},"excerpt":{"rendered":"<p>Innovaci\u00f3n &#038; emprendimiento centrado en las personas. Somos una empresa creativa que trabaja buscando el bienestar de las personas y el equilibrio medioambiental mientras se desarrollan los negocios. Gestionamos diferentes marcas de consultor\u00eda y acompa\u00f1amiento, tanto para personas como para organizaciones. Explora nuestras marcas: LIEVITARE Una soluci\u00f3n diferente para acompa\u00f1arte en el camino del emprendimiento.&hellip; <a class=\"more-link\" href=\"https:\/\/dinomagroup.com\/index.php\/home\/\">Continue reading <span class=\"screen-reader-text\">UNDECIM<\/span><\/a><\/p>\n","protected":false},"author":2,"featured_media":0,"parent":0,"menu_order":0,"comment_status":"closed","ping_status":"closed","template":"elementor_canvas","meta":{"om_disable_all_campaigns":false,"_monsterinsights_skip_tracking":false,"_monsterinsights_sitenote_active":false,"_monsterinsights_sitenote_note":"","_monsterinsights_sitenote_category":0,"footnotes":""},"class_list":["post-3772","page","type-page","status-publish","hentry","entry"],"aioseo_notices":[],"_links":{"self":[{"href":"https:\/\/dinomagroup.com\/index.php\/wp-json\/wp\/v2\/pages\/3772","targetHints":{"allow":["GET"]}}],"collection":[{"href":"https:\/\/dinomagroup.com\/index.php\/wp-json\/wp\/v2\/pages"}],"about":[{"href":"https:\/\/dinomagroup.com\/index.php\/wp-json\/wp\/v2\/types\/page"}],"author":[{"embeddable":true,"href":"https:\/\/dinomagroup.com\/index.php\/wp-json\/wp\/v2\/users\/2"}],"replies":[{"embeddable":true,"href":"https:\/\/dinomagroup.com\/index.php\/wp-json\/wp\/v2\/comments?post=3772"}],"version-history":[{"count":0,"href":"https:\/\/dinomagroup.com\/index.php\/wp-json\/wp\/v2\/pages\/3772\/revisions"}],"wp:attachment":[{"href":"https:\/\/dinomagroup.com\/index.php\/wp-json\/wp\/v2\/media?parent=3772"}],"curies":[{"name":"wp","href":"https:\/\/api.w.org\/{rel}","templated":true}]}}