{"id":1713,"date":"2021-02-28T19:07:54","date_gmt":"2021-03-01T00:07:54","guid":{"rendered":"http:\/\/undecim.com.co\/?page_id=1713"},"modified":"2021-02-28T19:07:54","modified_gmt":"2021-03-01T00:07:54","slug":"alejandraruiz","status":"publish","type":"page","link":"https:\/\/dinomagroup.com\/index.php\/lievitare\/alejandraruiz\/","title":{"rendered":"LIEVITARE-Alejandra P4R Bio"},"content":{"rendered":"<p><a href=\"http:\/\/undecim.com.co\/lievitare\/\"><br \/>\n\t\t\t\t\t\t\t<img decoding=\"async\" width=\"2048\" height=\"913\" src=\"http:\/\/undecim.com.co\/wp-content\/uploads\/2021\/06\/Marca-lievitare-2.png\" alt=\"\" loading=\"lazy\" srcset=\"http:\/\/undecim.com.co\/wp-content\/uploads\/2021\/06\/Marca-lievitare-2.png 2048w, http:\/\/undecim.com.co\/wp-content\/uploads\/2021\/06\/Marca-lievitare-2-300x134.png 300w, http:\/\/undecim.com.co\/wp-content\/uploads\/2021\/06\/Marca-lievitare-2-1024x457.png 1024w, http:\/\/undecim.com.co\/wp-content\/uploads\/2021\/06\/Marca-lievitare-2-768x342.png 768w, http:\/\/undecim.com.co\/wp-content\/uploads\/2021\/06\/Marca-lievitare-2-1536x685.png 1536w\" sizes=\"auto, (max-width: 2048px) 100vw, 2048px\" \/>\t\t\t\t\t\t\t\t<\/a><\/p>\n<nav data-toggle-icon=\"&lt;i aria-hidden=&quot;true&quot; tabindex=&quot;0&quot; class=&quot;fas fa-align-justify&quot;&gt;&lt;\/i&gt;\" data-close-icon=\"&lt;i aria-hidden=&quot;true&quot; tabindex=&quot;0&quot; class=&quot;far fa-window-close&quot;&gt;&lt;\/i&gt;\" data-full-width=\"yes\">\n<ul id=\"menu-1-091fe43\">\n<li id=\"menu-item-1738\"><a href=\"#\" class = \"hfe-menu-item\">Nuestra Escencia<\/a>\n<ul>\n<li id=\"menu-item-1739\"><a href=\"http:\/\/undecim.com.co\/lievitare\/#creemos\" class = \"hfe-sub-menu-item\">Creemos<\/a><\/li>\n<li id=\"menu-item-1740\"><a href=\"http:\/\/undecim.com.co\/lievitare\/#retamos\" class = \"hfe-sub-menu-item\">Retamos<\/a><\/li>\n<li id=\"menu-item-1741\"><a href=\"http:\/\/undecim.com.co\/lievitare\/#propositoyvalores\" class = \"hfe-sub-menu-item\">Prop\u00f3sito y Valores<\/a><\/li>\n<\/ul>\n<\/li>\n<li id=\"menu-item-1742\"><a class = \"hfe-menu-item\">Lo Que Hacemos<\/a>\n<ul>\n<li id=\"menu-item-1743\"><a href=\"http:\/\/undecim.com.co\/lievitare\/#asiservimos\" class = \"hfe-sub-menu-item\">Asi Servimos<\/a><\/li>\n<li id=\"menu-item-1744\"><a href=\"http:\/\/undecim.com.co\/lievitare\/#historias\" class = \"hfe-sub-menu-item\">Historias<\/a><\/li>\n<li id=\"menu-item-1745\"><a href=\"http:\/\/undecim.com.co\/lievitare\/#nuestroenfoque\" class = \"hfe-sub-menu-item\">Nuestro Enfoque<\/a><\/li>\n<li id=\"menu-item-1746\"><a href=\"http:\/\/undecim.com.co\/lievitare\/#FAQ\" class = \"hfe-sub-menu-item\">FAQ<\/a><\/li>\n<\/ul>\n<\/li>\n<li id=\"menu-item-1747\"><a class = \"hfe-menu-item\">Quienes Somos<\/a>\n<ul>\n<li id=\"menu-item-1748\"><a href=\"http:\/\/undecim.com.co\/lievitare\/#nuestroorigen\" class = \"hfe-sub-menu-item\">Nuestro Origen<\/a><\/li>\n<li id=\"menu-item-1749\"><a href=\"http:\/\/undecim.com.co\/lievitare\/#nuestroshumanos\" class = \"hfe-sub-menu-item\">Nuestros Humanos<\/a><\/li>\n<li id=\"menu-item-1750\"><a href=\"http:\/\/undecim.com.co\/lievitare\/#nuestrodiccionario\" class = \"hfe-sub-menu-item\">Nuestro Diccionario<\/a><\/li>\n<\/ul>\n<\/li>\n<li id=\"menu-item-1751\"><a class = \"hfe-menu-item\">Cont\u00e1ctanos<\/a>\n<ul>\n<li id=\"menu-item-1752\"><a href=\"http:\/\/undecim.com.co\/lievitare\/#encuentra\" class = \"hfe-sub-menu-item\">Encuentra Tu P4R<\/a><\/li>\n<li id=\"menu-item-1753\"><a href=\"http:\/\/undecim.com.co\/lievitare\/#encuentra\" class = \"hfe-sub-menu-item\">Convi\u00e9rtete en P4R<\/a><\/li>\n<li id=\"menu-item-1754\"><a href=\"http:\/\/undecim.com.co\/lievitare\/#encuentra\" class = \"hfe-sub-menu-item\">\u00danete a Nosotros<\/a><\/li>\n<\/ul>\n<\/li>\n<\/ul>\n<\/nav>\n<p style=\"language: en-CO; margin-top: 0pt; margin-bottom: 0pt; margin-left: 0in; text-align: left; direction: ltr; unicode-bidi: embed; mso-line-break-override: none; word-break: normal; punctuation-wrap: hanging;\">Alejandra. <\/p>\n<p style=\"language: en-CO; margin-top: 0pt; margin-bottom: 0pt; margin-left: 0in; text-align: left; direction: ltr; unicode-bidi: embed; mso-line-break-override: none; word-break: normal; punctuation-wrap: hanging;\">Partner for Rent<\/p>\n<p style=\"language: en-CO; margin-top: 0pt; margin-bottom: 0pt; margin-left: 0in; text-align: left; direction: ltr; unicode-bidi: embed; mso-line-break-override: none; word-break: normal; punctuation-wrap: hanging;\">\u00a0<\/p>\n<p style=\"language: en-CO; margin-top: 0pt; margin-bottom: 0pt; margin-left: 0in; text-align: left; direction: ltr; unicode-bidi: embed; mso-line-break-override: none; word-break: normal; punctuation-wrap: hanging;\">Master of Science en Innovaci\u00f3n y Emprendimiento de HEC Paris (Francia), formada en Business y Life Coaching bajo la metodolog\u00eda internacional ICF por Novaxia (Italia), Diplomada en Gesti\u00f3n Estrat\u00e9gica de la innovaci\u00f3n (FANGEI) en la Universidad del Rosario (Colombia), Dise\u00f1adora Industrial y Dise\u00f1adora Textil de la Universidad de Los Andes (Colombia), con una extensa experiencia en conceptualizaci\u00f3n, desarrollo e implementaci\u00f3n de productos de consultor\u00eda y amplio conocimiento en el dise\u00f1o y aplicaci\u00f3n de metodolog\u00edas de creatividad, generaci\u00f3n de ideas, identificaci\u00f3n de insights y planeaci\u00f3n estrat\u00e9gica.<\/p>\n<p style=\"language: en-CO; line-height: normal; text-indent: 0in; text-align: left; direction: ltr; unicode-bidi: embed; mso-vertical-align-alt: auto; mso-line-break-override: none; word-break: normal; punctuation-wrap: hanging; margin: 0pt 0in 0pt 0in;\">Fue socia fundadora de Katharsis SAS, firma consultora en innovaci\u00f3n y creatividad. <\/p>\n<p><!--StartFragment--> <!--EndFragment--><\/p>\n<p style=\"language: en-CO; line-height: normal; text-indent: 0in; text-align: left; direction: ltr; unicode-bidi: embed; mso-vertical-align-alt: auto; mso-line-break-override: none; word-break: normal; punctuation-wrap: hanging; margin: 0pt 0in 0pt 0in;\">Hoy es Directora General de Undecim SAS empresa dedicada a servir al mundo creativo y emprendedor con diferentes soluciones.<\/p>\n<p style=\"language: en-CO; line-height: normal; text-indent: 0in; text-align: left; direction: ltr; unicode-bidi: embed; mso-vertical-align-alt: auto; mso-line-break-override: none; word-break: normal; punctuation-wrap: hanging; margin: 0pt 0in 0pt 0in;\">\u00a0<\/p>\n<p style=\"language: en-CO; line-height: normal; text-indent: 0in; text-align: left; direction: ltr; unicode-bidi: embed; mso-vertical-align-alt: auto; mso-line-break-override: none; word-break: normal; punctuation-wrap: hanging; margin: 0pt 0in 0pt 0in;\">\u00a0<\/p>\n<p style=\"language: en-CO; line-height: normal; text-indent: 0in; text-align: left; direction: ltr; unicode-bidi: embed; mso-vertical-align-alt: auto; mso-line-break-override: none; word-break: normal; punctuation-wrap: hanging; margin: 0pt 0in 0pt 0in;\">\u00a0<\/p>\n<p>\t\t\t\t\t\t\t\t\t\t\t\t<img decoding=\"async\" width=\"768\" height=\"768\" src=\"http:\/\/undecim.com.co\/wp-content\/uploads\/2020\/11\/ARG-Sq-Undecim.jpg\" alt=\"\" loading=\"lazy\" srcset=\"http:\/\/undecim.com.co\/wp-content\/uploads\/2020\/11\/ARG-Sq-Undecim.jpg 768w, http:\/\/undecim.com.co\/wp-content\/uploads\/2020\/11\/ARG-Sq-Undecim-300x300.jpg 300w, http:\/\/undecim.com.co\/wp-content\/uploads\/2020\/11\/ARG-Sq-Undecim-150x150.jpg 150w\" sizes=\"auto, (max-width: 768px) 100vw, 768px\" \/>\t\t\t\t\t\t\t\t\t\t\t\t\t\t<\/p>\n<h3 style=\"text-align: center;\"><a style=\"color: #000000;\" href=\"mailto:alejandra.ruiz@undecim.com.co\">alejandra.ruiz@undecim.com.co<\/a><\/h3>\n<p>\t\t\t\t\t\t\t<a href=\"http:\/\/www.linkedin.com\/in\/alejandra-ru\u00edz-g\u00f3mez\" target=\"_blank\" rel=\"noopener\"><br \/>\n\t\t\t\t\t\t\t\t\t<\/a><\/p>\n<h2>Contact<\/h2>\n<ul>\n<li>\n\t\t\t\t\t<a href=\"mailto:alejandra.ruiz@undecim.com.co\"><br \/>\n\t\t\t\t\t\t\t\t\t\talejandra.ruiz@undecim.com.co<br \/>\n\t\t\t\t\t\t\t\t\t\t\t<\/a>\n\t\t\t\t\t\t\t\t\t<\/li>\n<li>\n\t\t\t\t\t<a href=\"https:\/\/wa.me\/573212342644\"><br \/>\n\t\t\t\t\t\t\t\t\t\t+57 (321) 234 2644<br \/>\n\t\t\t\t\t\t\t\t\t\t\t<\/a>\n\t\t\t\t\t\t\t\t\t<\/li>\n<\/ul>\n<h2>Social<\/h2>\n<p>\t\t\t\t\t<a target=\"_blank\" rel=\"noopener\"><br \/>\n\t\t\t\t\t\tFacebook<br \/>\n\t\t\t\t\t\t\t\t\t\t\t<\/a><br \/>\n\t\t\t\t\t<a target=\"_blank\" rel=\"noopener\"><br \/>\n\t\t\t\t\t\tLinkedin<br \/>\n\t\t\t\t\t\t\t\t\t\t\t<\/a><br \/>\n\t\t\t\t\t<a href=\"https:\/\/wa.me\/573212342644\" target=\"_blank\" rel=\"noopener\"><br \/>\n\t\t\t\t\t\tWhatsapp<br \/>\n\t\t\t\t\t\t\t\t\t\t\t<\/a><br \/>\n\t\t\t\t\t<a target=\"_blank\" rel=\"noopener\"><br \/>\n\t\t\t\t\t\tInstagram<br \/>\n\t\t\t\t\t\t\t\t\t\t\t<\/a><br \/>\n\t\t\t\t\t<a target=\"_blank\" rel=\"noopener\"><br \/>\n\t\t\t\t\t\tYoutube<br \/>\n\t\t\t\t\t\t\t\t\t\t\t<\/a><\/p>\n","protected":false},"excerpt":{"rendered":"<p>Nuestra Escencia Creemos Retamos Prop\u00f3sito y Valores Lo Que Hacemos Asi Servimos Historias Nuestro Enfoque FAQ Quienes Somos Nuestro Origen Nuestros Humanos Nuestro Diccionario Cont\u00e1ctanos Encuentra Tu P4R Convi\u00e9rtete en P4R \u00danete a Nosotros Alejandra. Partner for Rent \u00a0 Master of Science en Innovaci\u00f3n y Emprendimiento de HEC Paris (Francia), formada en Business y Life&hellip; <a class=\"more-link\" href=\"https:\/\/dinomagroup.com\/index.php\/lievitare\/alejandraruiz\/\">Continue reading <span class=\"screen-reader-text\">LIEVITARE-Alejandra P4R Bio<\/span><\/a><\/p>\n","protected":false},"author":2,"featured_media":0,"parent":738,"menu_order":0,"comment_status":"closed","ping_status":"closed","template":"elementor_canvas","meta":{"om_disable_all_campaigns":false,"_monsterinsights_skip_tracking":false,"_monsterinsights_sitenote_active":false,"_monsterinsights_sitenote_note":"","_monsterinsights_sitenote_category":0,"footnotes":""},"class_list":["post-1713","page","type-page","status-publish","hentry","entry"],"aioseo_notices":[],"_links":{"self":[{"href":"https:\/\/dinomagroup.com\/index.php\/wp-json\/wp\/v2\/pages\/1713","targetHints":{"allow":["GET"]}}],"collection":[{"href":"https:\/\/dinomagroup.com\/index.php\/wp-json\/wp\/v2\/pages"}],"about":[{"href":"https:\/\/dinomagroup.com\/index.php\/wp-json\/wp\/v2\/types\/page"}],"author":[{"embeddable":true,"href":"https:\/\/dinomagroup.com\/index.php\/wp-json\/wp\/v2\/users\/2"}],"replies":[{"embeddable":true,"href":"https:\/\/dinomagroup.com\/index.php\/wp-json\/wp\/v2\/comments?post=1713"}],"version-history":[{"count":0,"href":"https:\/\/dinomagroup.com\/index.php\/wp-json\/wp\/v2\/pages\/1713\/revisions"}],"up":[{"embeddable":true,"href":"https:\/\/dinomagroup.com\/index.php\/wp-json\/wp\/v2\/pages\/738"}],"wp:attachment":[{"href":"https:\/\/dinomagroup.com\/index.php\/wp-json\/wp\/v2\/media?parent=1713"}],"curies":[{"name":"wp","href":"https:\/\/api.w.org\/{rel}","templated":true}]}}